{"id":8872,"date":"2025-11-18T13:54:21","date_gmt":"2025-11-18T18:54:21","guid":{"rendered":"https:\/\/studioplaqueorange.ca\/?page_id=8872"},"modified":"2026-02-28T13:25:38","modified_gmt":"2026-02-28T18:25:38","slug":"accueil","status":"publish","type":"page","link":"https:\/\/studioplaqueorange.ca\/fr\/","title":{"rendered":"studioplaqueorange"},"content":{"rendered":"<div class=\"wp-block-group hero-image has-base-3-background-color has-background has-small-font-size is-layout-constrained wp-container-core-group-is-layout-be04af43 wp-block-group-is-layout-constrained\" style=\"margin-top:0;margin-bottom:0\">\n<div class=\"wp-block-uagb-image uagb-block-d00c0f1d wp-block-uagb-image--layout-default wp-block-uagb-image--effect-static wp-block-uagb-image--align-none is-style-default\"><figure class=\"wp-block-uagb-image__figure\"><img decoding=\"async\" srcset=\"https:\/\/studioplaqueorange.ca\/wp-content\/uploads\/2026\/02\/colonnes-12-b-27FEV-1024x683.jpg ,https:\/\/studioplaqueorange.ca\/wp-content\/uploads\/2026\/02\/colonnes-12-b-27FEV.jpg 780w, https:\/\/studioplaqueorange.ca\/wp-content\/uploads\/2026\/02\/colonnes-12-b-27FEV.jpg 360w\" sizes=\"auto, (max-width: 480px) 150px\" src=\"https:\/\/studioplaqueorange.ca\/wp-content\/uploads\/2026\/02\/colonnes-12-b-27FEV-1024x683.jpg\" alt=\"\" class=\"uag-image-9073\" width=\"1122\" height=\"683\" title=\"colonnes 1+2 b 27FEV\" loading=\"lazy\" role=\"img\"\/><\/figure><\/div>\n<\/div>\n\n\n\n<p><strong>M\u00c9RITOCRATIE PROJET\u00c9 AU FESTIVAL NEFILTRANAVAE KINO SE TENANT \u00c0 VARSOVIE LE 28 MARS 2026<\/strong> <a href=\"https:\/\/shortmovie.club\/programmes\/12-2026\/through-sounds-of-sirens\/\">plus d&#8217;infos<\/a><\/p>\n\n\n\n<p class=\"has-text-align-center\"><a href=\"https:\/\/www.youtube.com\/watch?v=cZsVtqHINB4\">voir M\u00c9RITOCRATIE<\/a><\/p>\n\n\n\n<p><\/p>\n\n\n\n<div class=\"wp-block-media-text is-stacked-on-mobile\" style=\"grid-template-columns:31% auto\"><figure class=\"wp-block-media-text__media\"><img loading=\"lazy\" decoding=\"async\" width=\"724\" height=\"1024\" src=\"https:\/\/studioplaqueorange.ca\/wp-content\/uploads\/2026\/02\/MERITO-affiche-loRES-724x1024.jpg\" alt=\"\" class=\"wp-image-9078 size-full\" srcset=\"https:\/\/studioplaqueorange.ca\/wp-content\/uploads\/2026\/02\/MERITO-affiche-loRES-724x1024.jpg 724w, https:\/\/studioplaqueorange.ca\/wp-content\/uploads\/2026\/02\/MERITO-affiche-loRES-212x300.jpg 212w, https:\/\/studioplaqueorange.ca\/wp-content\/uploads\/2026\/02\/MERITO-affiche-loRES-768x1086.jpg 768w, https:\/\/studioplaqueorange.ca\/wp-content\/uploads\/2026\/02\/MERITO-affiche-loRES-1086x1536.jpg 1086w, https:\/\/studioplaqueorange.ca\/wp-content\/uploads\/2026\/02\/MERITO-affiche-loRES-1448x2048.jpg 1448w, https:\/\/studioplaqueorange.ca\/wp-content\/uploads\/2026\/02\/MERITO-affiche-loRES-8x12.jpg 8w, https:\/\/studioplaqueorange.ca\/wp-content\/uploads\/2026\/02\/MERITO-affiche-loRES-600x849.jpg 600w, https:\/\/studioplaqueorange.ca\/wp-content\/uploads\/2026\/02\/MERITO-affiche-loRES-scaled.jpg 1810w\" sizes=\"auto, (max-width: 724px) 100vw, 724px\" \/><\/figure><div class=\"wp-block-media-text__content\">\n<p class=\"has-text-align-center\"><strong>LANCEMENT DE <em>SOUS LE PONT DES RIVI\u00c8RES<\/em><\/strong> <a href=\"https:\/\/www.youtube.com\/watch?v=-ya6arzHOK8\">voir le clip<\/a><\/p>\n\n\n\n<div class=\"wp-block-uagb-image uagb-block-d8801ab4 wp-block-uagb-image--layout-default wp-block-uagb-image--effect-static wp-block-uagb-image--align-none\"><figure class=\"wp-block-uagb-image__figure\"><img decoding=\"async\" srcset=\"https:\/\/studioplaqueorange.ca\/wp-content\/uploads\/2026\/02\/SOUSLEPONTDESRIVIERES-frame-1024x576.jpg ,https:\/\/studioplaqueorange.ca\/wp-content\/uploads\/2026\/02\/SOUSLEPONTDESRIVIERES-frame.jpg 780w, https:\/\/studioplaqueorange.ca\/wp-content\/uploads\/2026\/02\/SOUSLEPONTDESRIVIERES-frame.jpg 360w\" sizes=\"auto, (max-width: 480px) 150px\" src=\"https:\/\/studioplaqueorange.ca\/wp-content\/uploads\/2026\/02\/SOUSLEPONTDESRIVIERES-frame-1024x576.jpg\" alt=\"\" class=\"uag-image-9085\" width=\"691\" height=\"360\" title=\"SOUSLEPONTDESRIVIERES frame\" loading=\"lazy\" role=\"img\"\/><\/figure><\/div>\n<\/div><\/div>\n\n\n\n<p><\/p>","protected":false},"excerpt":{"rendered":"<p>M\u00c9RITOCRATIE PROJET\u00c9 AU FESTIVAL NEFILTRANAVAE KINO SE TENANT \u00c0 VARSOVIE LE 28 MARS 2026 plus d&#8217;infos voir M\u00c9RITOCRATIE<\/p>","protected":false},"author":4,"featured_media":0,"parent":0,"menu_order":0,"comment_status":"closed","ping_status":"closed","template":"","meta":{"_acf_changed":false,"_eb_attr":"","_uag_custom_page_level_css":"","site-sidebar-layout":"default","site-content-layout":"","ast-site-content-layout":"default","site-content-style":"default","site-sidebar-style":"default","ast-global-header-display":"","ast-banner-title-visibility":"","ast-main-header-display":"","ast-hfb-above-header-display":"","ast-hfb-below-header-display":"","ast-hfb-mobile-header-display":"","site-post-title":"","ast-breadcrumbs-content":"","ast-featured-img":"","footer-sml-layout":"","ast-disable-related-posts":"","theme-transparent-header-meta":"default","adv-header-id-meta":"","stick-header-meta":"","header-above-stick-meta":"","header-main-stick-meta":"","header-below-stick-meta":"","astra-migrate-meta-layouts":"default","ast-page-background-enabled":"default","ast-page-background-meta":{"desktop":{"background-color":"var(--ast-global-color-5)","background-image":"","background-repeat":"repeat","background-position":"center center","background-size":"auto","background-attachment":"scroll","background-type":"","background-media":"","overlay-type":"","overlay-color":"","overlay-opacity":"","overlay-gradient":""},"tablet":{"background-color":"","background-image":"","background-repeat":"repeat","background-position":"center center","background-size":"auto","background-attachment":"scroll","background-type":"","background-media":"","overlay-type":"","overlay-color":"","overlay-opacity":"","overlay-gradient":""},"mobile":{"background-color":"","background-image":"","background-repeat":"repeat","background-position":"center center","background-size":"auto","background-attachment":"scroll","background-type":"","background-media":"","overlay-type":"","overlay-color":"","overlay-opacity":"","overlay-gradient":""}},"ast-content-background-meta":{"desktop":{"background-color":"var(--ast-global-color-4)","background-image":"","background-repeat":"repeat","background-position":"center center","background-size":"auto","background-attachment":"scroll","background-type":"","background-media":"","overlay-type":"","overlay-color":"","overlay-opacity":"","overlay-gradient":""},"tablet":{"background-color":"var(--ast-global-color-4)","background-image":"","background-repeat":"repeat","background-position":"center center","background-size":"auto","background-attachment":"scroll","background-type":"","background-media":"","overlay-type":"","overlay-color":"","overlay-opacity":"","overlay-gradient":""},"mobile":{"background-color":"var(--ast-global-color-4)","background-image":"","background-repeat":"repeat","background-position":"center center","background-size":"auto","background-attachment":"scroll","background-type":"","background-media":"","overlay-type":"","overlay-color":"","overlay-opacity":"","overlay-gradient":""}},"footnotes":""},"class_list":["post-8872","page","type-page","status-publish","hentry"],"acf":[],"featured_image_src":null,"uagb_featured_image_src":{"full":false,"thumbnail":false,"medium":false,"medium_large":false,"large":false,"1536x1536":false,"2048x2048":false,"trp-custom-language-flag":false,"woocommerce_thumbnail":false,"woocommerce_single":false,"woocommerce_gallery_thumbnail":false,"sow-carousel-default":false},"uagb_author_info":{"display_name":"Stefan Boucher","author_link":"https:\/\/studioplaqueorange.ca\/fr\/author\/sboo\/"},"uagb_comment_info":0,"uagb_excerpt":"M\u00c9RITOCRATIE PROJET\u00c9 AU FESTIVAL NEFILTRANAVAE KINO SE TENANT \u00c0 VARSOVIE LE 28 MARS 2026 plus d&#8217;infos voir M\u00c9RITOCRATIE","_links":{"self":[{"href":"https:\/\/studioplaqueorange.ca\/fr\/wp-json\/wp\/v2\/pages\/8872","targetHints":{"allow":["GET"]}}],"collection":[{"href":"https:\/\/studioplaqueorange.ca\/fr\/wp-json\/wp\/v2\/pages"}],"about":[{"href":"https:\/\/studioplaqueorange.ca\/fr\/wp-json\/wp\/v2\/types\/page"}],"author":[{"embeddable":true,"href":"https:\/\/studioplaqueorange.ca\/fr\/wp-json\/wp\/v2\/users\/4"}],"replies":[{"embeddable":true,"href":"https:\/\/studioplaqueorange.ca\/fr\/wp-json\/wp\/v2\/comments?post=8872"}],"version-history":[{"count":84,"href":"https:\/\/studioplaqueorange.ca\/fr\/wp-json\/wp\/v2\/pages\/8872\/revisions"}],"predecessor-version":[{"id":9099,"href":"https:\/\/studioplaqueorange.ca\/fr\/wp-json\/wp\/v2\/pages\/8872\/revisions\/9099"}],"wp:attachment":[{"href":"https:\/\/studioplaqueorange.ca\/fr\/wp-json\/wp\/v2\/media?parent=8872"}],"curies":[{"name":"wp","href":"https:\/\/api.w.org\/{rel}","templated":true}]}}